{"id":579,"date":"2011-11-17T14:56:11","date_gmt":"2011-11-17T14:56:11","guid":{"rendered":"http:\/\/hn-electronic.de\/web3\/?page_id=579"},"modified":"2021-03-29T09:06:00","modified_gmt":"2021-03-29T08:06:00","slug":"chronik","status":"publish","type":"page","link":"https:\/\/www.hn-electronic.de\/?page_id=579","title":{"rendered":"Chronik"},"content":{"rendered":"<p>[vc_row rt_row_background_width=&#8221;default&#8221; rt_row_style=&#8221;default-style&#8221; rt_row_borders=&#8221;&#8221; rt_row_paddings=&#8221;true&#8221; rt_bg_effect=&#8221;classic&#8221; rt_bg_image_repeat=&#8221;repeat&#8221; rt_bg_size=&#8221;cover&#8221; rt_bg_position=&#8221;right top&#8221; rt_bg_attachment=&#8221;scroll&#8221; rt_bg_video_format=&#8221;self-hosted&#8221;][vc_column rt_wrp_col_paddings=&#8221;false&#8221; rt_border_top=&#8221;&#8221; rt_border_bottom=&#8221;&#8221; rt_border_left=&#8221;&#8221; rt_border_right=&#8221;&#8221; rt_border_top_mobile=&#8221;&#8221; rt_border_bottom_mobile=&#8221;&#8221; rt_border_left_mobile=&#8221;&#8221; rt_border_right_mobile=&#8221;&#8221; rt_bg_image_repeat=&#8221;repeat&#8221; rt_bg_size=&#8221;auto auto&#8221; rt_bg_position=&#8221;right top&#8221; rt_bg_attachment=&#8221;scroll&#8221;]<div class=\"rt_heading_wrapper style-4\">\n\t\t\t\t\t\t<span class=\"punchline\">Meilensteine<\/span><h4 class=\"rt_heading  with_punchline style-4\" >Unsere Firmengeschichte<\/h4>\n\t\t\t\t\t<\/div>\t \n\t\t<section  class=\"timeline  \">\n\t\t\t \n\t\t<div  >\n\t\t\t \n\t\t<span class=\"event-date\">\n\t\t\t<span class=\"day\"><\/span>\n\t\t\t<span class=\"month\"><\/span>\n\t\t\t<span class=\"year\">1989<\/span>\n\t\t<\/span>\n\t<div class=\"event-details\"><p>Unternehmensgr\u00fcndung als Ingenieur B\u00fcro Niakamal : Distribution von Schaltnetzteilen und verwandten Produkten in Langenselbold<\/p>\n<\/div>\n\t\t<\/div>\n\t\t \n\t\t<div  >\n\t\t\t \n\t\t<span class=\"event-date\">\n\t\t\t<span class=\"day\"><\/span>\n\t\t\t<span class=\"month\"><\/span>\n\t\t\t<span class=\"year\">1992<\/span>\n\t\t<\/span>\n\t<div class=\"event-details\"><p>Gr\u00fcndung einer Niederlassung f\u00fcr Unterbrechungsfreie Stromversorgungen in Zella-Mehlis, Th\u00fcringen<\/p>\n<\/div>\n\t\t<\/div>\n\t\t \n\t\t<div  >\n\t\t\t \n\t\t<span class=\"event-date\">\n\t\t\t<span class=\"day\"><\/span>\n\t\t\t<span class=\"month\"><\/span>\n\t\t\t<span class=\"year\">1993<\/span>\n\t\t<\/span>\n\t<div class=\"event-details\"><p>Umfirmierung zu HN Electronic Components GmbH im Januar, Umzug in neue Gesch\u00e4ftsr\u00e4ume<\/p>\n<\/div>\n\t\t<\/div>\n\t\t \n\t\t<div  >\n\t\t\t \n\t\t<span class=\"event-date\">\n\t\t\t<span class=\"day\"><\/span>\n\t\t\t<span class=\"month\"><\/span>\n\t\t\t<span class=\"year\">1994<\/span>\n\t\t<\/span>\n\t<div class=\"event-details\"><p>Gr\u00fcndung einer Service- und Modifikationsabteilung in der Hauptniederlassung Langenselbold<\/p>\n<\/div>\n\t\t<\/div>\n\t\t \n\t\t<div  >\n\t\t\t \n\t\t<span class=\"event-date\">\n\t\t\t<span class=\"day\"><\/span>\n\t\t\t<span class=\"month\"><\/span>\n\t\t\t<span class=\"year\">1995<\/span>\n\t\t<\/span>\n\t<div class=\"event-details\"><p>Hauptgesch\u00e4ftsstelle Langenselbold: 9 Mitarbeiter<\/p>\n<p>USV-Niederlassung in Zella- Mehlis: 2 Mitarbeiter<\/p>\n<p>Hauptlieferanten : Phihong Enterprises (Exklusivdistribution), Protek Electronic Corp., Chinfa, PCM Powercom.<\/p>\n<p>Viele OEM-Produkte unter eigenem Namen<\/p>\n<\/div>\n\t\t<\/div>\n\t\t \n\t\t<div  >\n\t\t\t \n\t\t<span class=\"event-date\">\n\t\t\t<span class=\"day\"><\/span>\n\t\t\t<span class=\"month\"><\/span>\n\t\t\t<span class=\"year\">1996<\/span>\n\t\t<\/span>\n\t<div class=\"event-details\"><p>Erneuter Umzug in gr\u00f6\u00dfere Gesch\u00e4ftsr\u00e4ume im Februar<\/p>\n<\/div>\n\t\t<\/div>\n\t\t \n\t\t<div  >\n\t\t\t \n\t\t<span class=\"event-date\">\n\t\t\t<span class=\"day\"><\/span>\n\t\t\t<span class=\"month\"><\/span>\n\t\t\t<span class=\"year\">1998<\/span>\n\t\t<\/span>\n\t<div class=\"event-details\"><p>Weitere Expansion, Erstellung und Bezug eines eigenen Gesch\u00e4ftsgeb\u00e4udes mit 500% gr\u00f6\u00dferer Lagerfl\u00e4che Anfang 1999<\/p>\n<\/div>\n\t\t<\/div>\n\t\t \n\t\t<div  >\n\t\t\t \n\t\t<span class=\"event-date\">\n\t\t\t<span class=\"day\"><\/span>\n\t\t\t<span class=\"month\"><\/span>\n\t\t\t<span class=\"year\">1999<\/span>\n\t\t<\/span>\n\t<div class=\"event-details\"><p>Einf\u00fchrung eines zertifizierten Qualit\u00e4tsmanagements nach ISO 9002<\/p>\n<\/div>\n\t\t<\/div>\n\t\t \n\t\t<div  >\n\t\t\t \n\t\t<span class=\"event-date\">\n\t\t\t<span class=\"day\"><\/span>\n\t\t\t<span class=\"month\"><\/span>\n\t\t\t<span class=\"year\">2002<\/span>\n\t\t<\/span>\n\t<div class=\"event-details\"><p>\u00dcbernahme der Europa-Disribution von Phihong, Zentrales Phihong-Europa-Lager bei HN<\/p>\n<\/div>\n\t\t<\/div>\n\t\t \n\t\t<div  >\n\t\t\t \n\t\t<span class=\"event-date\">\n\t\t\t<span class=\"day\"><\/span>\n\t\t\t<span class=\"month\"><\/span>\n\t\t\t<span class=\"year\">2003<\/span>\n\t\t<\/span>\n\t<div class=\"event-details\"><p>Aufbau eines europaweiten Distributionsnetzes f\u00fcr Phihong und HN, Erweiterung der ISO-Zertifierung auf ISO 9001:2000<\/p>\n<\/div>\n\t\t<\/div>\n\t\t \n\t\t<div  >\n\t\t\t \n\t\t<span class=\"event-date\">\n\t\t\t<span class=\"day\"><\/span>\n\t\t\t<span class=\"month\"><\/span>\n\t\t\t<span class=\"year\">2004<\/span>\n\t\t<\/span>\n\t<div class=\"event-details\"><p>Umfirmierung zu HN Electronic Components GmbH &amp; Co. KG im Oktober<\/p>\n<\/div>\n\t\t<\/div>\n\t\t \n\t\t<div  >\n\t\t\t \n\t\t<span class=\"event-date\">\n\t\t\t<span class=\"day\"><\/span>\n\t\t\t<span class=\"month\"><\/span>\n\t\t\t<span class=\"year\">2006<\/span>\n\t\t<\/span>\n\t<div class=\"event-details\"><p>Platzierung der Eigenmarke \u201eHN Power\u201c<\/p>\n<\/div>\n\t\t<\/div>\n\t\t \n\t\t<div  >\n\t\t\t \n\t\t<span class=\"event-date\">\n\t\t\t<span class=\"day\"><\/span>\n\t\t\t<span class=\"month\"><\/span>\n\t\t\t<span class=\"year\">2009<\/span>\n\t\t<\/span>\n\t<div class=\"event-details\"><p>Ausbau von \u201eHN Power\u201c mit Energieeffizienten Steckernetzteilen<\/p>\n<\/div>\n\t\t<\/div>\n\t\t \n\t\t<div  >\n\t\t\t \n\t\t<span class=\"event-date\">\n\t\t\t<span class=\"day\"><\/span>\n\t\t\t<span class=\"month\"><\/span>\n\t\t\t<span class=\"year\">2013<\/span>\n\t\t<\/span>\n\t<div class=\"event-details\"><p>Erweiterung von \u201eHN Power\u201c mit gro\u00dfem DC\/DC-Wandler Programm<\/p>\n<\/div>\n\t\t<\/div>\n\t\t \n\t\t<div  >\n\t\t\t \n\t\t<span class=\"event-date\">\n\t\t\t<span class=\"day\"><\/span>\n\t\t\t<span class=\"month\"><\/span>\n\t\t\t<span class=\"year\">2014<\/span>\n\t\t<\/span>\n\t<div class=\"event-details\"><p>Bau eines neuen zus\u00e4tzlichen Lagers, Verdopplung der Lagerkapazit\u00e4t, B\u00fcrogeb\u00e4ude f\u00fcr zus\u00e4tzliche Mitarbeiter erweitert<\/p>\n<p>Aufbau des zentralen Europa-Lagers f\u00fcr Phihong PoE Produkte<\/p>\n<\/div>\n\t\t<\/div>\n\t\t \n\t\t<div  >\n\t\t\t \n\t\t<span class=\"event-date\">\n\t\t\t<span class=\"day\"><\/span>\n\t\t\t<span class=\"month\"><\/span>\n\t\t\t<span class=\"year\">2019<\/span>\n\t\t<\/span>\n\t<div class=\"event-details\"><p>Lager und Serviceleistung f\u00fcr Phihong EV-Ladeger\u00e4te<\/p>\n<div id=\"gtx-trans\" style=\"position: absolute; left: -17px; top: 38px;\">\n<div class=\"gtx-trans-icon\"><\/div>\n<\/div>\n<\/div>\n\t\t<\/div>\n\t\t \n\t\t<div  >\n\t\t\t \n\t\t<span class=\"event-date\">\n\t\t\t<span class=\"day\"><\/span>\n\t\t\t<span class=\"month\"><\/span>\n\t\t\t<span class=\"year\">2021<\/span>\n\t\t<\/span>\n\t<div class=\"event-details\"><p>Erweiterung des Lieferprogramms mit Netzteilen der aktuellen Normen von HN-Power und Phihong<\/p>\n<div id=\"gtx-trans\" style=\"position: absolute; left: -10px; top: -10px;\">\n<div class=\"gtx-trans-icon\"><\/div>\n<\/div>\n<\/div>\n\t\t<\/div>\n\t\n\t\t<\/section>\n\t[\/vc_column][\/vc_row]<\/p>\n","protected":false},"excerpt":{"rendered":"<p>[vc_row rt_row_background_width=&#8221;default&#8221; rt_row_style=&#8221;default-style&#8221; rt_row_borders=&#8221;&#8221; rt_row_paddings=&#8221;true&#8221; rt_bg_effect=&#8221;classic&#8221; rt_bg_image_repeat=&#8221;repeat&#8221; rt_bg_size=&#8221;cover&#8221; rt_bg_position=&#8221;right top&#8221; rt_bg_attachment=&#8221;scroll&#8221; rt_bg_video_format=&#8221;self-hosted&#8221;][vc_column rt_wrp_col_paddings=&#8221;false&#8221; rt_border_top=&#8221;&#8221; rt_border_bottom=&#8221;&#8221; rt_border_left=&#8221;&#8221; rt_border_right=&#8221;&#8221; rt_border_top_mobile=&#8221;&#8221; rt_border_bottom_mobile=&#8221;&#8221; rt_border_left_mobile=&#8221;&#8221; rt_border_right_mobile=&#8221;&#8221; rt_bg_image_repeat=&#8221;repeat&#8221; rt_bg_size=&#8221;auto auto&#8221; rt_bg_position=&#8221;right top&#8221; rt_bg_attachment=&#8221;scroll&#8221;][\/vc_column][\/vc_row]<\/p>\n","protected":false},"author":6,"featured_media":0,"parent":593,"menu_order":0,"comment_status":"open","ping_status":"open","template":"","meta":{"footnotes":""},"class_list":["post-579","page","type-page","status-publish","hentry"],"_links":{"self":[{"href":"https:\/\/www.hn-electronic.de\/index.php?rest_route=\/wp\/v2\/pages\/579","targetHints":{"allow":["GET"]}}],"collection":[{"href":"https:\/\/www.hn-electronic.de\/index.php?rest_route=\/wp\/v2\/pages"}],"about":[{"href":"https:\/\/www.hn-electronic.de\/index.php?rest_route=\/wp\/v2\/types\/page"}],"author":[{"embeddable":true,"href":"https:\/\/www.hn-electronic.de\/index.php?rest_route=\/wp\/v2\/users\/6"}],"replies":[{"embeddable":true,"href":"https:\/\/www.hn-electronic.de\/index.php?rest_route=%2Fwp%2Fv2%2Fcomments&post=579"}],"version-history":[{"count":8,"href":"https:\/\/www.hn-electronic.de\/index.php?rest_route=\/wp\/v2\/pages\/579\/revisions"}],"predecessor-version":[{"id":5667,"href":"https:\/\/www.hn-electronic.de\/index.php?rest_route=\/wp\/v2\/pages\/579\/revisions\/5667"}],"up":[{"embeddable":true,"href":"https:\/\/www.hn-electronic.de\/index.php?rest_route=\/wp\/v2\/pages\/593"}],"wp:attachment":[{"href":"https:\/\/www.hn-electronic.de\/index.php?rest_route=%2Fwp%2Fv2%2Fmedia&parent=579"}],"curies":[{"name":"wp","href":"https:\/\/api.w.org\/{rel}","templated":true}]}}