{"id":612,"date":"2011-11-18T13:08:52","date_gmt":"2011-11-18T13:08:52","guid":{"rendered":"http:\/\/hn-electronic.de\/web3\/?page_id=612"},"modified":"2015-07-13T14:25:16","modified_gmt":"2015-07-13T12:25:16","slug":"normen-gesetze","status":"publish","type":"page","link":"https:\/\/www.hn-electronic.de\/?page_id=612","title":{"rendered":"Normen &#038; Gesetze"},"content":{"rendered":"<p align=\"center\"><img decoding=\"async\" src=\"http:\/\/www.hnec.de\/homed\/pic\/grn.jpg\" alt=\"\" \/><\/p>\n<p align=\"center\"><img decoding=\"async\" src=\"http:\/\/www.hnec.de\/homed\/pic\/es.gif\" alt=\"\" \/><\/p>\n<h2 align=\"center\"><span style=\"color: #000000; font-size: xx-small;\">Energy Star \u2013 Netzteile von Phihong, Protek &amp; HN-Power : <\/span><\/h2>\n<h2 align=\"center\"><span style=\"color: #000000; font-size: xx-small;\">Ein effektiver Beitrag zum Klimaschutz ! <\/span><\/h2>\n<p align=\"center\"><span style=\"color: #000000; font-size: xx-small;\"><strong>Der weltweite Klimawandel wird immer deutlicher sp\u00fcrbar: D\u00fcrren, \u00dcberschwemmungen und Wirbelst\u00fcrme nehmen drastisch zu, der aufschreckende Klimaschutzbericht der UN \u2013 Es ist h\u00f6chste Zeit zu handeln, wenn wir unseren Kindern eine lebenswerte Erde hinterlassen wollen. <\/strong><\/span><\/p>\n<p align=\"center\"><span style=\"color: #000000; font-size: xx-small;\"><strong>Sie und Ihre Kunden k\u00f6nnen jetzt einen Beitrag dazu leisten indem Sie energieeffiziente Netzteile von Phihong, Protek oder HN-Power einsetzen : <\/strong><\/span><\/p>\n<p align=\"center\"><span style=\"color: #000000; font-size: xx-small;\"><strong>Unsere neuen Produktlinien tragen das Energy Star Zeichen und sind sowohl CEC ( California Energy Comission , Vorschrift in Kalifornien seit dem 1.1.2007 ) als auch EuP ( EU Energy using Products, die europ\u00e4ische Energieeffizienzrichtlinie ) konform. <\/strong><\/span><\/p>\n<p align=\"center\"><span style=\"color: #000000; font-size: xx-small;\"><strong>Diese Richtlinien beschreiben den maximal zul\u00e4ssigen Leerlaufverbrauch ( \u201eStand-by\u201c ) und den minimalen Wirkungsgrad von externen Schaltnetzteilen. Die Standby-Leistungsaufnahme darf demnach max. 0,5W ( ab 2011 0,3W ) betragen und der min. Wirkungsgrad errechnet sich nach einer spezifizierten Formel. Alleine in Deutschland werden j\u00e4hrlich in Privathaushalten und B\u00fcros mindestens 20 Milliarden Kilowattstunden Energie durch Standby-Verluste vergeudet, zur Erzeugung dieser Energiemenge sind zwei Gro\u00dfkraftwerke n\u00f6tig ! <\/strong><\/span><\/p>\n<p align=\"center\"><span style=\"color: #000000; font-size: xx-small;\"><strong>HN Electronic bietet sowohl die Ger\u00e4te der R-Serie ( Steckernetzteil mit wechselbaren Eingangsclips f\u00fcr weltweiten Einsatz ) im Bereich 5 bis 30 Watt, Steckernetzteile von 6-24 Watt als auch Tischnetzteile mit 15 bis 220 Watt als Energy Star \/ EuP konforme Versionen an. Die neuen Ger\u00e4te weisen im Vergleich zu dem konventionellen Design eine bis zu 35% bessere Energieeffizienz auf und sind zudem kleiner, leichter und preiswerter. <\/strong><\/span><\/p>\n<p><span style=\"color: #000000; font-size: xx-small;\"><strong><img loading=\"lazy\" decoding=\"async\" class=\"aligncenter\" src=\"http:\/\/www.hnec.de\/homed\/pic\/energyadapter.jpg\" alt=\"\" width=\"224\" height=\"76\" \/><\/strong><\/span><\/p>\n<p align=\"CENTER\">\u00a0<a href=\"mailto:elektrog@hn-electronic.de\"> Weitere Informationen erhalten Sie \u00fcber unsere RoHS\/WEEE Kontaktadresse : elektrog@hn-electronic.de<\/a><\/p>\n<p><strong>Dokumente und Informationen zu EuP \/ ElektroG \/ RoHS \/ WEEE : <\/strong><br \/>\nDownload EuP-Richtlinie: <a href=\"http:\/\/www.hnec.de\/pdf\/EuP_de.pdf\" target=\"_blank\"><img decoding=\"async\" src=\"http:\/\/www.hnec.de\/homed\/pic\/pdf.gif\" alt=\"\" \/><\/a><br \/>\nDownload ElektroG: <a href=\"http:\/\/www.hnec.de\/pdf\/elektrog.pdf\" target=\"_blank\"><img decoding=\"async\" src=\"http:\/\/www.hnec.de\/homed\/pic\/pdf.gif\" alt=\"\" \/><\/a><br \/>\nDownload RoHS Direktive: <a href=\"http:\/\/www.hnec.de\/pdf\/RoHS_dt.pdf\" target=\"_blank\"><img decoding=\"async\" src=\"http:\/\/www.hnec.de\/homed\/pic\/pdf.gif\" alt=\"\" \/><\/a><br \/>\nHinweise zum Anwendungsbereich ElektroG: <a href=\"http:\/\/www.hnec.de\/pdf\/elektrog_hinweise.pdf\" target=\"_blank\"><img decoding=\"async\" src=\"http:\/\/www.hnec.de\/homed\/pic\/pdf.gif\" alt=\"\" \/><\/a><br \/>\nInfos vom BMU: <a href=\"http:\/\/www.bmu.de\/abfallwirtschaft\/downloads\/doc\/5582.php\" target=\"_blank\"><img decoding=\"async\" src=\"http:\/\/www.hnec.de\/homed\/pic\/web.jpg\" alt=\"\" \/><\/a><br \/>\nStiftung EAR: <a href=\"http:\/\/www.ear-stiftung.de\/stiftungear\/fragenundantworten\/\" target=\"_blank\"><img decoding=\"async\" src=\"http:\/\/www.hnec.de\/homed\/pic\/web.jpg\" alt=\"\" \/><\/a><\/p>\n<p><!--:--><!--:en--><\/p>\n<p><!--:--><\/p>\n","protected":false},"excerpt":{"rendered":"<p>Energy Star \u2013 Netzteile von Phihong, Protek &amp; HN-Power : Ein effektiver Beitrag zum Klimaschutz ! Der weltweite Klimawandel wird immer deutlicher sp\u00fcrbar: D\u00fcrren, \u00dcberschwemmungen und Wirbelst\u00fcrme nehmen drastisch zu, der aufschreckende Klimaschutzbericht der UN \u2013 Es ist h\u00f6chste Zeit zu handeln, wenn wir unseren Kindern eine lebenswerte Erde hinterlassen wollen. Sie und Ihre Kunden [&hellip;]<\/p>\n","protected":false},"author":6,"featured_media":0,"parent":606,"menu_order":0,"comment_status":"open","ping_status":"open","template":"","meta":{"footnotes":""},"class_list":["post-612","page","type-page","status-publish","hentry"],"_links":{"self":[{"href":"https:\/\/www.hn-electronic.de\/index.php?rest_route=\/wp\/v2\/pages\/612","targetHints":{"allow":["GET"]}}],"collection":[{"href":"https:\/\/www.hn-electronic.de\/index.php?rest_route=\/wp\/v2\/pages"}],"about":[{"href":"https:\/\/www.hn-electronic.de\/index.php?rest_route=\/wp\/v2\/types\/page"}],"author":[{"embeddable":true,"href":"https:\/\/www.hn-electronic.de\/index.php?rest_route=\/wp\/v2\/users\/6"}],"replies":[{"embeddable":true,"href":"https:\/\/www.hn-electronic.de\/index.php?rest_route=%2Fwp%2Fv2%2Fcomments&post=612"}],"version-history":[{"count":5,"href":"https:\/\/www.hn-electronic.de\/index.php?rest_route=\/wp\/v2\/pages\/612\/revisions"}],"predecessor-version":[{"id":3771,"href":"https:\/\/www.hn-electronic.de\/index.php?rest_route=\/wp\/v2\/pages\/612\/revisions\/3771"}],"up":[{"embeddable":true,"href":"https:\/\/www.hn-electronic.de\/index.php?rest_route=\/wp\/v2\/pages\/606"}],"wp:attachment":[{"href":"https:\/\/www.hn-electronic.de\/index.php?rest_route=%2Fwp%2Fv2%2Fmedia&parent=612"}],"curies":[{"name":"wp","href":"https:\/\/api.w.org\/{rel}","templated":true}]}}