{"id":6222,"date":"2015-02-02T04:19:58","date_gmt":"2015-02-02T03:19:58","guid":{"rendered":"https:\/\/www.hn-electronic.de\/?page_id=6222"},"modified":"2025-01-29T10:26:40","modified_gmt":"2025-01-29T09:26:40","slug":"blog","status":"publish","type":"page","link":"https:\/\/www.hn-electronic.de\/?page_id=6222&lang=en","title":{"rendered":"Power-Blog"},"content":{"rendered":"<p>[vc_row rt_row_background_width=&#8221;fullwidth&#8221; rt_row_content_width=&#8221;default&#8221; rt_row_style=&#8221;default-style&#8221; rt_row_borders=&#8221;&#8221; rt_overlap=&#8221;true&#8221; rt_grid=&#8221;&#8221; rt_row_paddings=&#8221;true&#8221; rt_bg_effect=&#8221;classic&#8221; rt_bg_parallax_effect=&#8221;1&#8243; rt_bg_image_repeat=&#8221;repeat&#8221; rt_bg_size=&#8221;cover&#8221; rt_bg_position=&#8221;right top&#8221; rt_bg_attachment=&#8221;scroll&#8221;][vc_column width=&#8221;1\/1&#8243;]\n<div id=\"blog-dynamicID-954567\" class=\"blog_list clearfix masonry\" data-column-width=\"2\">\n<div class=\"col col-sm-6 isotope-item\">\n \n\n<!-- blog box-->\n<article class=\"loop post-6249 post type-post status-publish format-standard has-post-thumbnail hentry category-neue-produkte\" id=\"post-6249\">\n\t\t\n\t\n\t\n\t<figure class=\"featured_image featured_media\">\n\n\t\t\n\t\t\t\t<a id=\"lightbox-758391\" class=\"imgeffect zoom lightbox_ featured_image\" data-group=\"image_6152\" title=\"Enlarge Image\" data-title=\"HN-Power Home-Serie\" data-sub-html=\"#lightbox-758391-description\" data-thumbnail=\"https:\/\/www.hn-electronic.de\/web\/wp-content\/uploads\/2024\/07\/HNP12H-C-75x50.png\" data-thumbTooltip=\"\" data-scaleUp=\"\" data-href=\"\" data-width=\"\" data-height=\"\" data-flashHasPriority=\"\" data-poster=\"\" data-autoplay=\"\" data-audiotitle=\"\" data-html=\"\" href=\"https:\/\/www.hn-electronic.de\/web\/wp-content\/uploads\/2024\/07\/HNP12H-C.png\" ><img decoding=\"async\" src=\"https:\/\/www.hn-electronic.de\/web\/wp-content\/uploads\/2024\/07\/HNP12H-C-640x640.png\" alt=\"\" class=\"\" \/><\/a>\r\n\t\t\t<div class=\"lighbox-description hidden\" id=\"lightbox-758391-description\">\r\n\t\t\t\t<strong>HN-Power Home-Serie<\/strong><br>\r\n\t\t\t\t\r\n\t\t\t<\/div>\t\t\t\t<span class=\"format-icon icon-pencil\"><\/span>\n\n\t\t\t\n\t<\/figure> \n\t\n\n\t<div class=\"date\"><a href=\"https:\/\/www.hn-electronic.de\/?p=6249\">29. Januar 2025<\/a><\/div> \n\t<div class=\"text entry-content\">\n\n\t\t<!-- blog headline-->\n\t\t<h2 class=\"entry-title\"><a href=\"https:\/\/www.hn-electronic.de\/?p=6249\" rel=\"bookmark\">HN-Power Home-Serie<\/a><\/h2> \n\t\t\t\n\n\t\t<p>\u2013 Effiziente und sichere Steckernetzteile f\u00fcr Ihr Zuhause In einer Welt, die zunehmend auf elektronische Ger\u00e4te angewiesen ist, ist eine zuverl\u00e4ssige Stromversorgung unerl\u00e4sslich. Die HN-Power Home-Serie bietet Ihnen leistungsstarke Steckernetzteile, die perfekt f\u00fcr den Einsatz in Haushaltsger\u00e4ten geeignet sind. Mit einer Leistung von 12 Watt und 20 Watt sowie einem universellen Eingang von 90-264 VAC [&hellip;]<\/p>\n\n\t\t\t\t<!-- meta data -->\r\n\t\t<div class=\"post_data\">\r\n\r\n\t\t\t\t\t\t<!-- user -->\r\n\t\t\t<span class=\"icon-user user margin-right20\"><a href=\"https:\/\/www.hn-electronic.de\/?author=8\" title=\"Beitr\u00e4ge von Bianca Eiser\" rel=\"author\">Bianca Eiser<\/a><\/span>\r\n\t\t\t\r\n\t\t\t\t\t\t<!-- categories -->\r\n\t\t\t<span class=\"icon-flow-cascade categories\"><a href=\"https:\/\/www.hn-electronic.de\/?cat=138\" rel=\"category\">Neue Produkte<\/a><\/span>\r\n\t\t\t\r\n\t\t\t\r\n\t\t\t\r\n\t\t<\/div><!-- \/ end div  .post_data -->\r\n\t\n\t<\/div> \n\n<\/article> \n<!-- \/ blog box-->\n<\/div>\n<div class=\"col col-sm-6 isotope-item\">\n \n\n<!-- blog box-->\n<article class=\"loop post-6246 post type-post status-publish format-standard has-post-thumbnail hentry category-neue-produkte tag-ip67 tag-outdoor tag-powermodul tag-vergossen tag-httpwww-hn-electronic-dewpproduct_categorieshn-power\" id=\"post-6246\">\n\t\t\n\t\n\t\n\t<figure class=\"featured_image featured_media\">\n\n\t\t\n\t\t\t\t<a id=\"lightbox-371514\" class=\"imgeffect zoom lightbox_ featured_image\" data-group=\"image_6094\" title=\"Enlarge Image\" data-title=\"HN-Power Outdoor-Power-Module\" data-sub-html=\"#lightbox-371514-description\" data-thumbnail=\"https:\/\/www.hn-electronic.de\/web\/wp-content\/uploads\/2024\/06\/HNP-MOD1212-75x50.png\" data-thumbTooltip=\"\" data-scaleUp=\"\" data-href=\"\" data-width=\"\" data-height=\"\" data-flashHasPriority=\"\" data-poster=\"\" data-autoplay=\"\" data-audiotitle=\"\" data-html=\"\" href=\"https:\/\/www.hn-electronic.de\/web\/wp-content\/uploads\/2024\/06\/HNP-MOD1212.png\" ><img decoding=\"async\" src=\"https:\/\/www.hn-electronic.de\/web\/wp-content\/uploads\/2024\/06\/HNP-MOD1212-640x467.png\" alt=\"\" class=\"\" \/><\/a>\r\n\t\t\t<div class=\"lighbox-description hidden\" id=\"lightbox-371514-description\">\r\n\t\t\t\t<strong>HN-Power Outdoor-Power-Module<\/strong><br>\r\n\t\t\t\t\r\n\t\t\t<\/div>\t\t\t\t<span class=\"format-icon icon-pencil\"><\/span>\n\n\t\t\t\n\t<\/figure> \n\t\n\n\t<div class=\"date\"><a href=\"https:\/\/www.hn-electronic.de\/?p=6246\">29. Januar 2025<\/a><\/div> \n\t<div class=\"text entry-content\">\n\n\t\t<!-- blog headline-->\n\t\t<h2 class=\"entry-title\"><a href=\"https:\/\/www.hn-electronic.de\/?p=6246\" rel=\"bookmark\">HN-Power Outdoor-Power-Module<\/a><\/h2> \n\t\t\t\n\n\t\t<p>Kompakte Leistung f\u00fcr Innen- und Au\u00dfenanwendungen Zuverl\u00e4ssige und leistungsstarke Stromversorgungsl\u00f6sungen sind entscheidend f\u00fcr moderne Technologien. Die HN-Power Outdoor-Power-Module bieten mit 12 Watt und 24 Watt nicht nur die ben\u00f6tigte Energie, sondern auch die Flexibilit\u00e4t, Ihre Ger\u00e4te sowohl im Innen- als auch im Au\u00dfenbereich zuverl\u00e4ssig zu betreiben. Dank der robusten IP67-Zertifizierung sind sie zudem optimal f\u00fcr [&hellip;]<\/p>\n\n\t\t\t\t<!-- meta data -->\r\n\t\t<div class=\"post_data\">\r\n\r\n\t\t\t\t\t\t<!-- user -->\r\n\t\t\t<span class=\"icon-user user margin-right20\"><a href=\"https:\/\/www.hn-electronic.de\/?author=8\" title=\"Beitr\u00e4ge von Bianca Eiser\" rel=\"author\">Bianca Eiser<\/a><\/span>\r\n\t\t\t\r\n\t\t\t\t\t\t<!-- categories -->\r\n\t\t\t<span class=\"icon-flow-cascade categories\"><a href=\"https:\/\/www.hn-electronic.de\/?cat=138\" rel=\"category\">Neue Produkte<\/a><\/span>\r\n\t\t\t\r\n\t\t\t\r\n\t\t\t\r\n\t\t<\/div><!-- \/ end div  .post_data -->\r\n\t\n\t<\/div> \n\n<\/article> \n<!-- \/ blog box-->\n<\/div>\n<div class=\"col col-sm-6 isotope-item\">\n \n\n<!-- blog box-->\n<article class=\"loop post-6226 post type-post status-publish format-standard has-post-thumbnail hentry category-neue-produkte\" id=\"post-6226\">\n\t\t\n\t\n\t\n\t<figure class=\"featured_image featured_media\">\n\n\t\t\n\t\t\t\t<a id=\"lightbox-660830\" class=\"imgeffect zoom lightbox_ featured_image\" data-group=\"image_5846\" title=\"Enlarge Image\" data-title=\"USB-C und GaN Technologie\" data-sub-html=\"#lightbox-660830-description\" data-thumbnail=\"https:\/\/www.hn-electronic.de\/web\/wp-content\/uploads\/2022\/09\/HNP20EUV2_bw_big-75x50.png\" data-thumbTooltip=\"\" data-scaleUp=\"\" data-href=\"\" data-width=\"\" data-height=\"\" data-flashHasPriority=\"\" data-poster=\"\" data-autoplay=\"\" data-audiotitle=\"\" data-html=\"\" href=\"https:\/\/www.hn-electronic.de\/web\/wp-content\/uploads\/2022\/09\/HNP20EUV2_bw_big.png\" ><img decoding=\"async\" src=\"https:\/\/www.hn-electronic.de\/web\/wp-content\/uploads\/2022\/09\/HNP20EUV2_bw_big-640x357.png\" alt=\"\" class=\"\" \/><\/a>\r\n\t\t\t<div class=\"lighbox-description hidden\" id=\"lightbox-660830-description\">\r\n\t\t\t\t<strong>USB-C und GaN Technologie<\/strong><br>\r\n\t\t\t\t\r\n\t\t\t<\/div>\t\t\t\t<span class=\"format-icon icon-pencil\"><\/span>\n\n\t\t\t\n\t<\/figure> \n\t\n\n\t<div class=\"date\"><a href=\"https:\/\/www.hn-electronic.de\/?p=6226\">29. Januar 2025<\/a><\/div> \n\t<div class=\"text entry-content\">\n\n\t\t<!-- blog headline-->\n\t\t<h2 class=\"entry-title\"><a href=\"https:\/\/www.hn-electronic.de\/?p=6226\" rel=\"bookmark\">USB-C und GaN Technologie<\/a><\/h2> \n\t\t\t\n\n\t\t<p>Zukunftssichere Energieversorgung mit den USB-Type-C-Netzteilen von HN Electronic und GaN-Technologie In der modernen Welt, in der schnelle Ladezeiten und hohe Effizienz immer gefragter werden, bieten die USB-Type-C-Netzteile von HN Electronic eine erstklassige L\u00f6sung f\u00fcr eine Vielzahl von Anwendungen. Besonders hervorzuheben ist der Einsatz der innovativen GaN-Technologie (Gallium-Nitrid), die den Energiefluss optimiert und gleichzeitig die Gr\u00f6\u00dfe [&hellip;]<\/p>\n\n\t\t\t\t<!-- meta data -->\r\n\t\t<div class=\"post_data\">\r\n\r\n\t\t\t\t\t\t<!-- user -->\r\n\t\t\t<span class=\"icon-user user margin-right20\"><a href=\"https:\/\/www.hn-electronic.de\/?author=7\" title=\"Beitr\u00e4ge von Francisco Martin\" rel=\"author\">Francisco Martin<\/a><\/span>\r\n\t\t\t\r\n\t\t\t\t\t\t<!-- categories -->\r\n\t\t\t<span class=\"icon-flow-cascade categories\"><a href=\"https:\/\/www.hn-electronic.de\/?cat=138\" rel=\"category\">Neue Produkte<\/a><\/span>\r\n\t\t\t\r\n\t\t\t\r\n\t\t\t\r\n\t\t<\/div><!-- \/ end div  .post_data -->\r\n\t\n\t<\/div> \n\n<\/article> \n<!-- \/ blog box-->\n<\/div>\n<div class=\"col col-sm-6 isotope-item\">\n \n\n<!-- blog box-->\n<article class=\"loop post-6262 post type-post status-publish format-standard has-post-thumbnail hentry category-neue-produkte\" id=\"post-6262\">\n\t\t\n\t\n\t\n\t<figure class=\"featured_image featured_media\">\n\n\t\t\n\t\t\t\t<a id=\"lightbox-454639\" class=\"imgeffect zoom lightbox_ featured_image\" data-group=\"image_4709\" title=\"Enlarge Image\" data-title=\"PoE \u2013 Power over Ethernet: Die Zukunft der Energieversorgung \u00fcber Netzwerkkabel\" data-sub-html=\"#lightbox-454639-description\" data-thumbnail=\"https:\/\/www.hn-electronic.de\/web\/wp-content\/uploads\/2018\/03\/POE90U-1BT-75x50.jpg\" data-thumbTooltip=\"\" data-scaleUp=\"\" data-href=\"\" data-width=\"\" data-height=\"\" data-flashHasPriority=\"\" data-poster=\"\" data-autoplay=\"\" data-audiotitle=\"\" data-html=\"\" href=\"https:\/\/www.hn-electronic.de\/web\/wp-content\/uploads\/2018\/03\/POE90U-1BT.jpg\" ><img decoding=\"async\" src=\"https:\/\/www.hn-electronic.de\/web\/wp-content\/uploads\/2018\/03\/POE90U-1BT-640x640.jpg\" alt=\"\" class=\"\" \/><\/a>\r\n\t\t\t<div class=\"lighbox-description hidden\" id=\"lightbox-454639-description\">\r\n\t\t\t\t<strong>PoE \u2013 Power over Ethernet: Die Zukunft der Energieversorgung \u00fcber Netzwerkkabel<\/strong><br>\r\n\t\t\t\t\r\n\t\t\t<\/div>\t\t\t\t<span class=\"format-icon icon-pencil\"><\/span>\n\n\t\t\t\n\t<\/figure> \n\t\n\n\t<div class=\"date\"><a href=\"https:\/\/www.hn-electronic.de\/?p=6262\">5. Februar 2025<\/a><\/div> \n\t<div class=\"text entry-content\">\n\n\t\t<!-- blog headline-->\n\t\t<h2 class=\"entry-title\"><a href=\"https:\/\/www.hn-electronic.de\/?p=6262\" rel=\"bookmark\">PoE \u2013 Power over Ethernet: Die Zukunft der Energieversorgung \u00fcber Netzwerkkabel<\/a><\/h2> \n\t\t\t\n\n\t\t<p>In der heutigen vernetzten Welt ist eine stabile und effiziente Stromversorgung f\u00fcr Ger\u00e4te, die \u00fcber Ethernet kommunizieren, von entscheidender Bedeutung. Power over Ethernet (PoE) ist eine Technologie, die es erm\u00f6glicht, sowohl Daten als auch Energie \u00fcber dasselbe Ethernet-Kabel zu \u00fcbertragen. Dies bietet eine Reihe von Vorteilen, insbesondere in der Netzwerktechnik, bei der Installation und bei [&hellip;]<\/p>\n\n\t\t\t\t<!-- meta data -->\r\n\t\t<div class=\"post_data\">\r\n\r\n\t\t\t\t\t\t<!-- user -->\r\n\t\t\t<span class=\"icon-user user margin-right20\"><a href=\"https:\/\/www.hn-electronic.de\/?author=8\" title=\"Beitr\u00e4ge von Bianca Eiser\" rel=\"author\">Bianca Eiser<\/a><\/span>\r\n\t\t\t\r\n\t\t\t\t\t\t<!-- categories -->\r\n\t\t\t<span class=\"icon-flow-cascade categories\"><a href=\"https:\/\/www.hn-electronic.de\/?cat=138\" rel=\"category\">Neue Produkte<\/a><\/span>\r\n\t\t\t\r\n\t\t\t\r\n\t\t\t\r\n\t\t<\/div><!-- \/ end div  .post_data -->\r\n\t\n\t<\/div> \n\n<\/article> \n<!-- \/ blog box-->\n<\/div>\n<div class=\"col col-sm-6 isotope-item\">\n \n\n<!-- blog box-->\n<article class=\"loop post-6298 post type-post status-publish format-standard has-post-thumbnail hentry category-allgemein\" id=\"post-6298\">\n\t\t\n\t\n\t\n\t<figure class=\"featured_image featured_media\">\n\n\t\t\n\t\t\t\t<a id=\"lightbox-312386\" class=\"imgeffect zoom lightbox_ featured_image\" data-group=\"image_2126\" title=\"Enlarge Image\" data-title=\"DC\/DC-Wandler und spezialisierte Stromversorgungsl\u00f6sungen bei HN Electronic\" data-sub-html=\"#lightbox-312386-description\" data-thumbnail=\"https:\/\/www.hn-electronic.de\/web\/wp-content\/uploads\/2013\/06\/dcdc-75x50.png\" data-thumbTooltip=\"\" data-scaleUp=\"\" data-href=\"\" data-width=\"\" data-height=\"\" data-flashHasPriority=\"\" data-poster=\"\" data-autoplay=\"\" data-audiotitle=\"\" data-html=\"\" href=\"https:\/\/www.hn-electronic.de\/web\/wp-content\/uploads\/2013\/06\/dcdc.png\" ><img decoding=\"async\" src=\"https:\/\/www.hn-electronic.de\/web\/wp-content\/uploads\/2013\/06\/dcdc.png\" alt=\"\" class=\"\" \/><\/a>\r\n\t\t\t<div class=\"lighbox-description hidden\" id=\"lightbox-312386-description\">\r\n\t\t\t\t<strong>DC\/DC-Wandler und spezialisierte Stromversorgungsl\u00f6sungen bei HN Electronic<\/strong><br>\r\n\t\t\t\t\r\n\t\t\t<\/div>\t\t\t\t<span class=\"format-icon icon-pencil\"><\/span>\n\n\t\t\t\n\t<\/figure> \n\t\n\n\t<div class=\"date\"><a href=\"https:\/\/www.hn-electronic.de\/?p=6298\">25. M\u00e4rz 2025<\/a><\/div> \n\t<div class=\"text entry-content\">\n\n\t\t<!-- blog headline-->\n\t\t<h2 class=\"entry-title\"><a href=\"https:\/\/www.hn-electronic.de\/?p=6298\" rel=\"bookmark\">DC\/DC-Wandler und spezialisierte Stromversorgungsl\u00f6sungen bei HN Electronic<\/a><\/h2> \n\t\t\t\n\n\t\t<p>Bei HN Electronic verstehen wir die Bedeutung zuverl\u00e4ssiger, effizienter und ma\u00dfgeschneiderter Stromwandlungsl\u00f6sungen f\u00fcr eine Vielzahl von Anwendungen. Aus diesem Grund freuen wir uns, eine breite Auswahl an DC\/DC-Wandlern und verwandten Komponenten anzubieten, die sich ideal f\u00fcr alles von Industrieanlagen bis hin zu Unterhaltungselektronik eignen. Entdecken Sie unsere Produktkategorien und finden Sie die perfekte L\u00f6sung f\u00fcr [&hellip;]<\/p>\n\n\t\t\t\t<!-- meta data -->\r\n\t\t<div class=\"post_data\">\r\n\r\n\t\t\t\t\t\t<!-- user -->\r\n\t\t\t<span class=\"icon-user user margin-right20\"><a href=\"https:\/\/www.hn-electronic.de\/?author=8\" title=\"Beitr\u00e4ge von Bianca Eiser\" rel=\"author\">Bianca Eiser<\/a><\/span>\r\n\t\t\t\r\n\t\t\t\t\t\t<!-- categories -->\r\n\t\t\t<span class=\"icon-flow-cascade categories\"><a href=\"https:\/\/www.hn-electronic.de\/?cat=1\" rel=\"category\">Allgemein<\/a><\/span>\r\n\t\t\t\r\n\t\t\t\r\n\t\t\t\r\n\t\t<\/div><!-- \/ end div  .post_data -->\r\n\t\n\t<\/div> \n\n<\/article> \n<!-- \/ blog box-->\n<\/div>\n<div class=\"col col-sm-6 isotope-item\">\n \n\n<!-- blog box-->\n<article class=\"loop post-6283 post type-post status-publish format-standard has-post-thumbnail hentry category-allgemein\" id=\"post-6283\">\n\t\t\n\t\n\t\n\t<figure class=\"featured_image featured_media\">\n\n\t\t\n\t\t\t\t<a id=\"lightbox-192991\" class=\"imgeffect zoom lightbox_ featured_image\" data-group=\"image_6073\" title=\"Enlarge Image\" data-title=\"HN Electronic Netzteile mit Wechselclip\" data-sub-html=\"#lightbox-192991-description\" data-thumbnail=\"https:\/\/www.hn-electronic.de\/web\/wp-content\/uploads\/2024\/03\/hnp12icl6-75x50.png\" data-thumbTooltip=\"\" data-scaleUp=\"\" data-href=\"\" data-width=\"\" data-height=\"\" data-flashHasPriority=\"\" data-poster=\"\" data-autoplay=\"\" data-audiotitle=\"\" data-html=\"\" href=\"https:\/\/www.hn-electronic.de\/web\/wp-content\/uploads\/2024\/03\/hnp12icl6.png\" ><img decoding=\"async\" src=\"https:\/\/www.hn-electronic.de\/web\/wp-content\/uploads\/2024\/03\/hnp12icl6-640x337.png\" alt=\"\" class=\"\" \/><\/a>\r\n\t\t\t<div class=\"lighbox-description hidden\" id=\"lightbox-192991-description\">\r\n\t\t\t\t<strong>HN Electronic Netzteile mit Wechselclip<\/strong><br>\r\n\t\t\t\t\r\n\t\t\t<\/div>\t\t\t\t<span class=\"format-icon icon-pencil\"><\/span>\n\n\t\t\t\n\t<\/figure> \n\t\n\n\t<div class=\"date\"><a href=\"https:\/\/www.hn-electronic.de\/?p=6283\">25. M\u00e4rz 2025<\/a><\/div> \n\t<div class=\"text entry-content\">\n\n\t\t<!-- blog headline-->\n\t\t<h2 class=\"entry-title\"><a href=\"https:\/\/www.hn-electronic.de\/?p=6283\" rel=\"bookmark\">HN Electronic Netzteile mit Wechselclip<\/a><\/h2> \n\t\t\t\n\n\t\t<p>Optimale Energieversorgung f\u00fcr vielseitige Anwendungen mit den Netzteilen von HN Electronic In einer Welt, in der Flexibilit\u00e4t und Effizienz immer mehr an Bedeutung gewinnen, bieten die Netzteile mit wechselbarem Eingang-Clip von HN Electronic eine innovative L\u00f6sung f\u00fcr eine Vielzahl von Anwendungen. Diese Netzteile kombinieren nicht nur Leistungsst\u00e4rke und Zuverl\u00e4ssigkeit, sondern auch eine hohe Anpassungsf\u00e4higkeit, die [&hellip;]<\/p>\n\n\t\t\t\t<!-- meta data -->\r\n\t\t<div class=\"post_data\">\r\n\r\n\t\t\t\t\t\t<!-- user -->\r\n\t\t\t<span class=\"icon-user user margin-right20\"><a href=\"https:\/\/www.hn-electronic.de\/?author=7\" title=\"Beitr\u00e4ge von Francisco Martin\" rel=\"author\">Francisco Martin<\/a><\/span>\r\n\t\t\t\r\n\t\t\t\t\t\t<!-- categories -->\r\n\t\t\t<span class=\"icon-flow-cascade categories\"><a href=\"https:\/\/www.hn-electronic.de\/?cat=1\" rel=\"category\">Allgemein<\/a><\/span>\r\n\t\t\t\r\n\t\t\t\r\n\t\t\t\r\n\t\t<\/div><!-- \/ end div  .post_data -->\r\n\t\n\t<\/div> \n\n<\/article> \n<!-- \/ blog box-->\n<\/div>\n<\/div>\n<button href=\"#\" class=\"load_more button_ medium default aligncenter\" autocomplete=\"off\" data-atts=\"YToyNTp7czoyOiJpZCI7czoyMToiYmxvZy1keW5hbWljSUQtOTU0NTY3IjtzOjc6ImFyY2hpdmUiO3M6NToiZmFsc2UiO3M6MTE6Imxpc3RfbGF5b3V0IjtzOjM6IjEvMiI7czoxMjoibGF5b3V0X3N0eWxlIjtzOjc6Im1hc29ucnkiO3M6MTE6InNob3dfYXV0aG9yIjtzOjQ6InRydWUiO3M6MTU6InNob3dfY2F0ZWdvcmllcyI7czo0OiJ0cnVlIjtzOjIwOiJzaG93X2NvbW1lbnRfbnVtYmVycyI7czo1OiJmYWxzZSI7czo5OiJzaG93X2RhdGUiO3M6NDoidHJ1ZSI7czoyMToiZmVhdHVyZWRfaW1hZ2VfcmVzaXplIjtzOjQ6InRydWUiO3M6MjQ6ImZlYXR1cmVkX2ltYWdlX21heF93aWR0aCI7czoxOiIwIjtzOjI1OiJmZWF0dXJlZF9pbWFnZV9tYXhfaGVpZ2h0IjtzOjE6IjAiO3M6MTk6ImZlYXR1cmVkX2ltYWdlX2Nyb3AiO3M6NToiZmFsc2UiO3M6MTA6InBhZ2luYXRpb24iO3M6NDoidHJ1ZSI7czoxNToiYWpheF9wYWdpbmF0aW9uIjtzOjQ6InRydWUiO3M6MTI6InVzZV9leGNlcnB0cyI7czo0OiJ0cnVlIjtzOjEyOiJsaXN0X29yZGVyYnkiO3M6NDoiZGF0ZSI7czoxMDoibGlzdF9vcmRlciI7czo0OiJERVNDIjtzOjEzOiJpdGVtX3Blcl9wYWdlIjtzOjE6IjYiO3M6MTA6ImNhdGVnb3JpZXMiO3M6MDoiIjtzOjQ6ImFqYXgiO3M6NToiZmFsc2UiO3M6NToicGFnZWQiO2k6MDtzOjk6IndwbWxfbGFuZyI7czowOiIiO3M6MjA6ImhpZGVfZmVhdHVyZWRfaW1hZ2VzIjtzOjA6IiI7czo1OiJjbGFzcyI7czowOiIiO3M6NzoicHVycG9zZSI7czo0OiJibG9nIjt9\" data-page_count=\"2\" data-current_page=\"1\" data-listid=\"blog-dynamicID-954567\"><span class=\"icon-angle-double-down\"><\/span>LOAD MORE<\/button>[\/vc_column][\/vc_row]<\/p>\n","protected":false},"excerpt":{"rendered":"<p>[vc_row rt_row_background_width=&#8221;fullwidth&#8221; rt_row_content_width=&#8221;default&#8221; rt_row_style=&#8221;default-style&#8221; rt_row_borders=&#8221;&#8221; rt_overlap=&#8221;true&#8221; rt_grid=&#8221;&#8221; rt_row_paddings=&#8221;true&#8221; rt_bg_effect=&#8221;classic&#8221; rt_bg_parallax_effect=&#8221;1&#8243; rt_bg_image_repeat=&#8221;repeat&#8221; rt_bg_size=&#8221;cover&#8221; rt_bg_position=&#8221;right top&#8221; rt_bg_attachment=&#8221;scroll&#8221;][vc_column width=&#8221;1\/1&#8243;][\/vc_column][\/vc_row]<\/p>\n","protected":false},"author":6,"featured_media":0,"parent":0,"menu_order":0,"comment_status":"open","ping_status":"closed","template":"","meta":{"footnotes":""},"class_list":["post-6222","page","type-page","status-publish","hentry"],"_links":{"self":[{"href":"https:\/\/www.hn-electronic.de\/index.php?rest_route=\/wp\/v2\/pages\/6222","targetHints":{"allow":["GET"]}}],"collection":[{"href":"https:\/\/www.hn-electronic.de\/index.php?rest_route=\/wp\/v2\/pages"}],"about":[{"href":"https:\/\/www.hn-electronic.de\/index.php?rest_route=\/wp\/v2\/types\/page"}],"author":[{"embeddable":true,"href":"https:\/\/www.hn-electronic.de\/index.php?rest_route=\/wp\/v2\/users\/6"}],"replies":[{"embeddable":true,"href":"https:\/\/www.hn-electronic.de\/index.php?rest_route=%2Fwp%2Fv2%2Fcomments&post=6222"}],"version-history":[{"count":1,"href":"https:\/\/www.hn-electronic.de\/index.php?rest_route=\/wp\/v2\/pages\/6222\/revisions"}],"predecessor-version":[{"id":6223,"href":"https:\/\/www.hn-electronic.de\/index.php?rest_route=\/wp\/v2\/pages\/6222\/revisions\/6223"}],"wp:attachment":[{"href":"https:\/\/www.hn-electronic.de\/index.php?rest_route=%2Fwp%2Fv2%2Fmedia&parent=6222"}],"curies":[{"name":"wp","href":"https:\/\/api.w.org\/{rel}","templated":true}]}}